{"id":1182,"date":"2024-07-05T14:48:27","date_gmt":"2024-07-05T14:48:27","guid":{"rendered":"http:\/\/demos.famethemes.com\/screenr\/?page_id=5"},"modified":"2024-07-11T15:04:20","modified_gmt":"2024-07-11T15:04:20","slug":"sexshop-cruising-gay","status":"publish","type":"page","link":"https:\/\/www.boxxman.fr\/de\/","title":{"rendered":"Sexshop &#038; Cruising Gay"},"content":{"rendered":"\n<h1 class=\"wp-block-heading\">GAY <strong>SEXSHOP BOXXMAN<\/strong><\/h1>\n\n\n\n<h2 class=\"wp-block-heading\"><strong>Nr. 1 Gay-Sexshop und Cruising in Paris<\/strong><\/h2>\n\n\n\n<p>Boxxman, ein Gay Sexshop im Herzen von Paris, ist der gr\u00f6\u00dfte spezialisierte Sexshop der Hauptstadt auf zwei Ebenen. Hunderte Referenzen von Sextoys und Zubeh\u00f6r f\u00fcr Sex zwischen M\u00e4nnern. Sie finden hier Penisringe, Ballstretcher, Dildos, Plugs, aber auch Penisentwickler, Sonden und Masturbatoren f\u00fcr M\u00e4nner. Auf der ersten Ebene unseres Sexshops befindet sich ein kompletter Umkleideraum f\u00fcr M\u00e4nner und Fetisch. Es bietet Jockstraps, Slips, Shorts, Boxershorts, Geschirre sowie eine ganze Kollektion an Accessoires f\u00fcr Puppy Players: Schw\u00e4nze, Halsb\u00e4nder, Leinen, F\u00e4ustlinge und Kapuzen f\u00fcr Puppy. Boxxman ist auch die beste Wahl f\u00fcr Fetish Mr. S Leather accessoires in Paris. Nicht zu vergessen die unverzichtbaren Gleitgele in Gel- oder Pulverform, nat\u00fcrliche sexuelle Stimulanzien zur Steigerung der Libido und Poppers, die das ganze Jahr \u00fcber zu sehr attraktiven Preisen erh\u00e4ltlich sind.<\/p>\n\n\n\n<h3 class=\"wp-block-heading\"><strong>\u201eLe Boxx\u201c Cruising von Boxxman<\/strong><\/h3>\n\n\n\n<p>Im Keller der Boxxman-Boutique befindet sich ein gro\u00dfer Sexclub f\u00fcr M\u00e4nner. Gloryholes, Kabinen, Rohrbl\u00f6cke, Labyrinthe, XXX-Videos \u2026 ein klimatisierter Cruising-Club, ausgestattet mit einem in Paris einzigartigen Soundsystem. Jeden Tag kommen Dutzende M\u00e4nner auf der Suche nach Sex oder einfach nur zur Schau, um ihre Fantasien zu befriedigen. Mit ihrer industriellen Atmosph\u00e4re ist diese riesige \u201eCrusing Zone\u201c eine der beliebtesten und aufregendsten in der Hauptstadt. Der Eingang zu Boxx erfolgt direkt \u00fcber den Sexshop.<\/p>\n","protected":false},"excerpt":{"rendered":"<p>GAY SEXSHOP BOXXMAN Nr. 1 Gay-Sexshop und Cruising in Paris Boxxman, ein Gay Sexshop im Herzen von Paris, ist der gr\u00f6\u00dfte spezialisierte Sexshop der Hauptstadt auf zwei Ebenen. Hunderte Referenzen von Sextoys und Zubeh\u00f6r f\u00fcr Sex zwischen M\u00e4nnern. Sie finden hier Penisringe, Ballstretcher, Dildos, Plugs, aber auch Penisentwickler, Sonden und&#8230;<\/p>\n","protected":false},"author":2,"featured_media":0,"parent":0,"menu_order":0,"comment_status":"closed","ping_status":"closed","template":"template-frontpage.php","meta":{"inline_featured_image":false,"footnotes":""},"class_list":["post-1182","page","type-page","status-publish","hentry"],"yoast_head":"<!-- This site is optimized with the Yoast SEO plugin v27.2 - https:\/\/yoast.com\/product\/yoast-seo-wordpress\/ -->\n<title>BOXXMAN Paris | Sexshop Gay &amp; Cruising 7\/7<\/title>\n<meta name=\"description\" content=\"Boxxman Gay Sex Shop &amp; Cruising Paris: Sextoys, Poppers, Gleitgele und Umkleideraum f\u00fcr Fetish Puppy. Le Boxx Cruising. Ge\u00f6ffnet 7\/7.\" \/>\n<meta name=\"robots\" content=\"index, follow, max-snippet:-1, max-image-preview:large, max-video-preview:-1\" \/>\n<link rel=\"canonical\" href=\"https:\/\/www.boxxman.fr\/de\/\" \/>\n<meta property=\"og:locale\" content=\"fr_FR\" \/>\n<meta property=\"og:type\" content=\"article\" \/>\n<meta property=\"og:title\" content=\"BOXXMAN Paris | Sexshop Gay &amp; Cruising 7\/7\" \/>\n<meta property=\"og:description\" content=\"Boxxman Gay Sex Shop &amp; Cruising Paris: Sextoys, Poppers, Gleitgele und Umkleideraum f\u00fcr Fetish Puppy. Le Boxx Cruising. Ge\u00f6ffnet 7\/7.\" \/>\n<meta property=\"og:url\" content=\"https:\/\/www.boxxman.fr\/de\/\" \/>\n<meta property=\"og:site_name\" content=\"Boxxman Paris\" \/>\n<meta property=\"article:publisher\" content=\"https:\/\/www.facebook.com\/Boxxman.leBoxx\/\" \/>\n<meta property=\"article:modified_time\" content=\"2024-07-11T15:04:20+00:00\" \/>\n<meta name=\"twitter:card\" content=\"summary_large_image\" \/>\n<meta name=\"twitter:site\" content=\"@BoxxmanParis\" \/>\n<meta name=\"twitter:label1\" content=\"Dur\u00e9e de lecture estim\u00e9e\" \/>\n\t<meta name=\"twitter:data1\" content=\"2 minutes\" \/>\n<script type=\"application\/ld+json\" class=\"yoast-schema-graph\">{\"@context\":\"https:\/\/schema.org\",\"@graph\":[{\"@type\":\"WebPage\",\"@id\":\"https:\/\/www.boxxman.fr\/de\/\",\"url\":\"https:\/\/www.boxxman.fr\/de\/\",\"name\":\"BOXXMAN Paris | Sexshop Gay & Cruising 7\/7\",\"isPartOf\":{\"@id\":\"https:\/\/www.boxxman.fr\/de\/#website\"},\"datePublished\":\"2024-07-05T14:48:27+00:00\",\"dateModified\":\"2024-07-11T15:04:20+00:00\",\"description\":\"Boxxman Gay Sex Shop & Cruising Paris: Sextoys, Poppers, Gleitgele und Umkleideraum f\u00fcr Fetish Puppy. Le Boxx Cruising. Ge\u00f6ffnet 7\/7.\",\"breadcrumb\":{\"@id\":\"https:\/\/www.boxxman.fr\/de\/#breadcrumb\"},\"inLanguage\":\"fr-FR\",\"potentialAction\":[{\"@type\":\"ReadAction\",\"target\":[\"https:\/\/www.boxxman.fr\/de\/\"]}]},{\"@type\":\"BreadcrumbList\",\"@id\":\"https:\/\/www.boxxman.fr\/de\/#breadcrumb\",\"itemListElement\":[{\"@type\":\"ListItem\",\"position\":1,\"name\":\"Accueil\",\"item\":\"https:\/\/www.boxxman.fr\/de\/\"},{\"@type\":\"ListItem\",\"position\":2,\"name\":\"Sexshop &#038; Cruising Gay\"}]},{\"@type\":\"WebSite\",\"@id\":\"https:\/\/www.boxxman.fr\/de\/#website\",\"url\":\"https:\/\/www.boxxman.fr\/de\/\",\"name\":\"Boxxman Paris\",\"description\":\"N\u00b01 SEXSHOP GAY &amp; CRUISING\",\"publisher\":{\"@id\":\"https:\/\/www.boxxman.fr\/de\/#organization\"},\"potentialAction\":[{\"@type\":\"SearchAction\",\"target\":{\"@type\":\"EntryPoint\",\"urlTemplate\":\"https:\/\/www.boxxman.fr\/de\/?s={search_term_string}\"},\"query-input\":{\"@type\":\"PropertyValueSpecification\",\"valueRequired\":true,\"valueName\":\"search_term_string\"}}],\"inLanguage\":\"fr-FR\"},{\"@type\":\"Organization\",\"@id\":\"https:\/\/www.boxxman.fr\/de\/#organization\",\"name\":\"Boxxman Paris\",\"url\":\"https:\/\/www.boxxman.fr\/de\/\",\"logo\":{\"@type\":\"ImageObject\",\"inLanguage\":\"fr-FR\",\"@id\":\"https:\/\/www.boxxman.fr\/de\/#\/schema\/logo\/image\/\",\"url\":\"https:\/\/www.boxxman.fr\/de\/wp-content\/uploads\/sites\/8\/2024\/07\/cropped-boxxman-3.png\",\"contentUrl\":\"https:\/\/www.boxxman.fr\/de\/wp-content\/uploads\/sites\/8\/2024\/07\/cropped-boxxman-3.png\",\"width\":512,\"height\":512,\"caption\":\"Boxxman Paris\"},\"image\":{\"@id\":\"https:\/\/www.boxxman.fr\/de\/#\/schema\/logo\/image\/\"},\"sameAs\":[\"https:\/\/www.facebook.com\/Boxxman.leBoxx\/\",\"https:\/\/x.com\/BoxxmanParis\",\"https:\/\/www.instagram.com\/boxxman_officiel\/\"]}]}<\/script>\n<!-- \/ Yoast SEO plugin. -->","yoast_head_json":{"title":"BOXXMAN Paris | Sexshop Gay & Cruising 7\/7","description":"Boxxman Gay Sex Shop & Cruising Paris: Sextoys, Poppers, Gleitgele und Umkleideraum f\u00fcr Fetish Puppy. Le Boxx Cruising. Ge\u00f6ffnet 7\/7.","robots":{"index":"index","follow":"follow","max-snippet":"max-snippet:-1","max-image-preview":"max-image-preview:large","max-video-preview":"max-video-preview:-1"},"canonical":"https:\/\/www.boxxman.fr\/de\/","og_locale":"fr_FR","og_type":"article","og_title":"BOXXMAN Paris | Sexshop Gay & Cruising 7\/7","og_description":"Boxxman Gay Sex Shop & Cruising Paris: Sextoys, Poppers, Gleitgele und Umkleideraum f\u00fcr Fetish Puppy. Le Boxx Cruising. Ge\u00f6ffnet 7\/7.","og_url":"https:\/\/www.boxxman.fr\/de\/","og_site_name":"Boxxman Paris","article_publisher":"https:\/\/www.facebook.com\/Boxxman.leBoxx\/","article_modified_time":"2024-07-11T15:04:20+00:00","twitter_card":"summary_large_image","twitter_site":"@BoxxmanParis","twitter_misc":{"Dur\u00e9e de lecture estim\u00e9e":"2 minutes"},"schema":{"@context":"https:\/\/schema.org","@graph":[{"@type":"WebPage","@id":"https:\/\/www.boxxman.fr\/de\/","url":"https:\/\/www.boxxman.fr\/de\/","name":"BOXXMAN Paris | Sexshop Gay & Cruising 7\/7","isPartOf":{"@id":"https:\/\/www.boxxman.fr\/de\/#website"},"datePublished":"2024-07-05T14:48:27+00:00","dateModified":"2024-07-11T15:04:20+00:00","description":"Boxxman Gay Sex Shop & Cruising Paris: Sextoys, Poppers, Gleitgele und Umkleideraum f\u00fcr Fetish Puppy. Le Boxx Cruising. Ge\u00f6ffnet 7\/7.","breadcrumb":{"@id":"https:\/\/www.boxxman.fr\/de\/#breadcrumb"},"inLanguage":"fr-FR","potentialAction":[{"@type":"ReadAction","target":["https:\/\/www.boxxman.fr\/de\/"]}]},{"@type":"BreadcrumbList","@id":"https:\/\/www.boxxman.fr\/de\/#breadcrumb","itemListElement":[{"@type":"ListItem","position":1,"name":"Accueil","item":"https:\/\/www.boxxman.fr\/de\/"},{"@type":"ListItem","position":2,"name":"Sexshop &#038; Cruising Gay"}]},{"@type":"WebSite","@id":"https:\/\/www.boxxman.fr\/de\/#website","url":"https:\/\/www.boxxman.fr\/de\/","name":"Boxxman Paris","description":"N\u00b01 SEXSHOP GAY &amp; CRUISING","publisher":{"@id":"https:\/\/www.boxxman.fr\/de\/#organization"},"potentialAction":[{"@type":"SearchAction","target":{"@type":"EntryPoint","urlTemplate":"https:\/\/www.boxxman.fr\/de\/?s={search_term_string}"},"query-input":{"@type":"PropertyValueSpecification","valueRequired":true,"valueName":"search_term_string"}}],"inLanguage":"fr-FR"},{"@type":"Organization","@id":"https:\/\/www.boxxman.fr\/de\/#organization","name":"Boxxman Paris","url":"https:\/\/www.boxxman.fr\/de\/","logo":{"@type":"ImageObject","inLanguage":"fr-FR","@id":"https:\/\/www.boxxman.fr\/de\/#\/schema\/logo\/image\/","url":"https:\/\/www.boxxman.fr\/de\/wp-content\/uploads\/sites\/8\/2024\/07\/cropped-boxxman-3.png","contentUrl":"https:\/\/www.boxxman.fr\/de\/wp-content\/uploads\/sites\/8\/2024\/07\/cropped-boxxman-3.png","width":512,"height":512,"caption":"Boxxman Paris"},"image":{"@id":"https:\/\/www.boxxman.fr\/de\/#\/schema\/logo\/image\/"},"sameAs":["https:\/\/www.facebook.com\/Boxxman.leBoxx\/","https:\/\/x.com\/BoxxmanParis","https:\/\/www.instagram.com\/boxxman_officiel\/"]}]}},"_links":{"self":[{"href":"https:\/\/www.boxxman.fr\/de\/wp-json\/wp\/v2\/pages\/1182","targetHints":{"allow":["GET"]}}],"collection":[{"href":"https:\/\/www.boxxman.fr\/de\/wp-json\/wp\/v2\/pages"}],"about":[{"href":"https:\/\/www.boxxman.fr\/de\/wp-json\/wp\/v2\/types\/page"}],"author":[{"embeddable":true,"href":"https:\/\/www.boxxman.fr\/de\/wp-json\/wp\/v2\/users\/2"}],"replies":[{"embeddable":true,"href":"https:\/\/www.boxxman.fr\/de\/wp-json\/wp\/v2\/comments?post=1182"}],"version-history":[{"count":11,"href":"https:\/\/www.boxxman.fr\/de\/wp-json\/wp\/v2\/pages\/1182\/revisions"}],"predecessor-version":[{"id":3930,"href":"https:\/\/www.boxxman.fr\/de\/wp-json\/wp\/v2\/pages\/1182\/revisions\/3930"}],"wp:attachment":[{"href":"https:\/\/www.boxxman.fr\/de\/wp-json\/wp\/v2\/media?parent=1182"}],"curies":[{"name":"wp","href":"https:\/\/api.w.org\/{rel}","templated":true}]}}