{"id":1184,"date":"2016-09-05T19:26:14","date_gmt":"2016-09-05T19:26:14","guid":{"rendered":"http:\/\/demos.famethemes.com\/screenr\/?page_id=8"},"modified":"2024-07-05T17:33:47","modified_gmt":"2024-07-05T17:33:47","slug":"legal-notice","status":"publish","type":"page","link":"https:\/\/www.boxxman.fr\/en\/legal-notice\/","title":{"rendered":"Legal Notice"},"content":{"rendered":"\n<h1 class=\"wp-block-heading\">Legal notices of the site<\/h1>\n\n\n\n<h2 class=\"wp-block-heading\">www.boxxman.fr\/en<\/h2>\n\n\n\n<p>Total or partial reproduction of the website is prohibited.<\/p>\n\n\n\n<div style=\"height:30px\" aria-hidden=\"true\" class=\"wp-block-spacer\"><\/div>\n\n\n\n<h3 class=\"wp-block-heading\">ADULT CONTENT WARNING<\/h3>\n\n\n\n<p><p style=\"text-align:justify;\">Consultation of this website is strictly reserved for adults of the age of majority as defined in the visitor&rsquo;s country of origin. By entering the website, the visitor explicitly acknowledges being informed of the potentially pornographic nature of its content. He is the editor of the website when he comes of age (18 years old in France). It undertakes not to distribute and\/or show the content or part of the content of this website to minors. He undertakes not to promote this website, its content or part of its content on other internet pages such as a public blog, a personal blog, a forum or a social network.<\/p><\/p>\n\n\n\n<p>All forms of content distribution without the agreement of the site editor are subject to prosecution.<\/p>\n\n\n\n<p>All forms of disclosure of sensitive and\/or sexual or pornographic content to minors are subject to prosecution.<\/p>\n\n\n\n<div style=\"height:30px\" aria-hidden=\"true\" class=\"wp-block-spacer\"><\/div>\n\n\n\n<h3 class=\"wp-block-heading\">PUBLICATION DIRECTOR<\/h3>\n\n\n\n<p>SNB (BOXXMAN), 2 Rue de la Cossonnerie, 75001 Paris&nbsp;<\/p>\n\n\n\n<p>NUMERO SIREN: 807751862 RCS: Paris B 807 751 862<\/p>\n\n\n\n<div style=\"height:30px\" aria-hidden=\"true\" class=\"wp-block-spacer\"><\/div>\n\n\n\n<h3 class=\"wp-block-heading\">TECHNICAL RESOURCES<\/h3>\n\n\n\n<p>Site h\u00e9berg\u00e9 par la soci\u00e9t\u00e9 1&amp;1<\/p>\n\n\n\n<p><strong>1&amp;1 Internet SARL<\/strong><\/p>\n\n\n\n<p>7, place de la Gare BP 70109 57200 Sarreguemines C<\/p>\n\n\n\n<p><strong>1&amp;1 IONOS Cloud GmbH<\/strong><\/p>\n\n\n\n<p>Greifswalder Str. 207 10405 Berlin, Allemagne<\/p>\n\n\n\n<div style=\"height:30px\" aria-hidden=\"true\" class=\"wp-block-spacer\"><\/div>\n\n\n\n<h3 class=\"wp-block-heading\">WEBDESIGN<\/h3>\n\n\n\n<p>Patrick Aquatias <strong>MEOZZ:<\/strong> La Rochelle<\/p>\n","protected":false},"excerpt":{"rendered":"<p>Legal notices of the site www.boxxman.fr\/en Total or partial reproduction of the website is prohibited. ADULT CONTENT WARNING Consultation of this website is strictly reserved for adults of the age of majority as defined in the visitor&rsquo;s country of origin. By entering the website, the visitor explicitly acknowledges being informed&#8230;<\/p>\n","protected":false},"author":2,"featured_media":0,"parent":0,"menu_order":0,"comment_status":"closed","ping_status":"closed","template":"templates\/full-width-page.php","meta":{"inline_featured_image":false,"footnotes":""},"class_list":["post-1184","page","type-page","status-publish","hentry"],"yoast_head":"<!-- This site is optimized with the Yoast SEO plugin v27.2 - https:\/\/yoast.com\/product\/yoast-seo-wordpress\/ -->\n<title>Legal Notice | Boxxman Paris<\/title>\n<meta name=\"robots\" content=\"index, follow, max-snippet:-1, max-image-preview:large, max-video-preview:-1\" \/>\n<link rel=\"canonical\" href=\"https:\/\/www.boxxman.fr\/en\/legal-notice\/\" \/>\n<meta property=\"og:locale\" content=\"fr_FR\" \/>\n<meta property=\"og:type\" content=\"article\" \/>\n<meta property=\"og:title\" content=\"Legal Notice | Boxxman Paris\" \/>\n<meta property=\"og:description\" content=\"Legal notices of the site www.boxxman.fr\/en Total or partial reproduction of the website is prohibited. ADULT CONTENT WARNING Consultation of this website is strictly reserved for adults of the age of majority as defined in the visitor&rsquo;s country of origin. By entering the website, the visitor explicitly acknowledges being informed...\" \/>\n<meta property=\"og:url\" content=\"https:\/\/www.boxxman.fr\/en\/legal-notice\/\" \/>\n<meta property=\"og:site_name\" content=\"Boxxman Paris\" \/>\n<meta property=\"article:publisher\" content=\"https:\/\/www.facebook.com\/Boxxman.leBoxx\/\" \/>\n<meta property=\"article:modified_time\" content=\"2024-07-05T17:33:47+00:00\" \/>\n<meta name=\"twitter:card\" content=\"summary_large_image\" \/>\n<meta name=\"twitter:site\" content=\"@BoxxmanParis\" \/>\n<meta name=\"twitter:label1\" content=\"Dur\u00e9e de lecture estim\u00e9e\" \/>\n\t<meta name=\"twitter:data1\" content=\"2 minutes\" \/>\n<script type=\"application\/ld+json\" class=\"yoast-schema-graph\">{\"@context\":\"https:\/\/schema.org\",\"@graph\":[{\"@type\":\"WebPage\",\"@id\":\"https:\/\/www.boxxman.fr\/en\/legal-notice\/\",\"url\":\"https:\/\/www.boxxman.fr\/en\/legal-notice\/\",\"name\":\"Legal Notice | Boxxman Paris\",\"isPartOf\":{\"@id\":\"https:\/\/www.boxxman.fr\/en\/#website\"},\"datePublished\":\"2016-09-05T19:26:14+00:00\",\"dateModified\":\"2024-07-05T17:33:47+00:00\",\"breadcrumb\":{\"@id\":\"https:\/\/www.boxxman.fr\/en\/legal-notice\/#breadcrumb\"},\"inLanguage\":\"fr-FR\",\"potentialAction\":[{\"@type\":\"ReadAction\",\"target\":[\"https:\/\/www.boxxman.fr\/en\/legal-notice\/\"]}]},{\"@type\":\"BreadcrumbList\",\"@id\":\"https:\/\/www.boxxman.fr\/en\/legal-notice\/#breadcrumb\",\"itemListElement\":[{\"@type\":\"ListItem\",\"position\":1,\"name\":\"Accueil\",\"item\":\"https:\/\/www.boxxman.fr\/en\/\"},{\"@type\":\"ListItem\",\"position\":2,\"name\":\"Legal Notice\"}]},{\"@type\":\"WebSite\",\"@id\":\"https:\/\/www.boxxman.fr\/en\/#website\",\"url\":\"https:\/\/www.boxxman.fr\/en\/\",\"name\":\"Boxxman Paris\",\"description\":\"N\u00b01 SEXSHOP GAY &amp; CRUISING\",\"publisher\":{\"@id\":\"https:\/\/www.boxxman.fr\/en\/#organization\"},\"potentialAction\":[{\"@type\":\"SearchAction\",\"target\":{\"@type\":\"EntryPoint\",\"urlTemplate\":\"https:\/\/www.boxxman.fr\/en\/?s={search_term_string}\"},\"query-input\":{\"@type\":\"PropertyValueSpecification\",\"valueRequired\":true,\"valueName\":\"search_term_string\"}}],\"inLanguage\":\"fr-FR\"},{\"@type\":\"Organization\",\"@id\":\"https:\/\/www.boxxman.fr\/en\/#organization\",\"name\":\"Boxxman Paris\",\"url\":\"https:\/\/www.boxxman.fr\/en\/\",\"logo\":{\"@type\":\"ImageObject\",\"inLanguage\":\"fr-FR\",\"@id\":\"https:\/\/www.boxxman.fr\/en\/#\/schema\/logo\/image\/\",\"url\":\"https:\/\/www.boxxman.fr\/en\/wp-content\/uploads\/sites\/6\/2024\/07\/cropped-boxxman-3.png\",\"contentUrl\":\"https:\/\/www.boxxman.fr\/en\/wp-content\/uploads\/sites\/6\/2024\/07\/cropped-boxxman-3.png\",\"width\":512,\"height\":512,\"caption\":\"Boxxman Paris\"},\"image\":{\"@id\":\"https:\/\/www.boxxman.fr\/en\/#\/schema\/logo\/image\/\"},\"sameAs\":[\"https:\/\/www.facebook.com\/Boxxman.leBoxx\/\",\"https:\/\/x.com\/BoxxmanParis\",\"https:\/\/www.instagram.com\/boxxman_officiel\/\"]}]}<\/script>\n<!-- \/ Yoast SEO plugin. -->","yoast_head_json":{"title":"Legal Notice | Boxxman Paris","robots":{"index":"index","follow":"follow","max-snippet":"max-snippet:-1","max-image-preview":"max-image-preview:large","max-video-preview":"max-video-preview:-1"},"canonical":"https:\/\/www.boxxman.fr\/en\/legal-notice\/","og_locale":"fr_FR","og_type":"article","og_title":"Legal Notice | Boxxman Paris","og_description":"Legal notices of the site www.boxxman.fr\/en Total or partial reproduction of the website is prohibited. ADULT CONTENT WARNING Consultation of this website is strictly reserved for adults of the age of majority as defined in the visitor&rsquo;s country of origin. By entering the website, the visitor explicitly acknowledges being informed...","og_url":"https:\/\/www.boxxman.fr\/en\/legal-notice\/","og_site_name":"Boxxman Paris","article_publisher":"https:\/\/www.facebook.com\/Boxxman.leBoxx\/","article_modified_time":"2024-07-05T17:33:47+00:00","twitter_card":"summary_large_image","twitter_site":"@BoxxmanParis","twitter_misc":{"Dur\u00e9e de lecture estim\u00e9e":"2 minutes"},"schema":{"@context":"https:\/\/schema.org","@graph":[{"@type":"WebPage","@id":"https:\/\/www.boxxman.fr\/en\/legal-notice\/","url":"https:\/\/www.boxxman.fr\/en\/legal-notice\/","name":"Legal Notice | Boxxman Paris","isPartOf":{"@id":"https:\/\/www.boxxman.fr\/en\/#website"},"datePublished":"2016-09-05T19:26:14+00:00","dateModified":"2024-07-05T17:33:47+00:00","breadcrumb":{"@id":"https:\/\/www.boxxman.fr\/en\/legal-notice\/#breadcrumb"},"inLanguage":"fr-FR","potentialAction":[{"@type":"ReadAction","target":["https:\/\/www.boxxman.fr\/en\/legal-notice\/"]}]},{"@type":"BreadcrumbList","@id":"https:\/\/www.boxxman.fr\/en\/legal-notice\/#breadcrumb","itemListElement":[{"@type":"ListItem","position":1,"name":"Accueil","item":"https:\/\/www.boxxman.fr\/en\/"},{"@type":"ListItem","position":2,"name":"Legal Notice"}]},{"@type":"WebSite","@id":"https:\/\/www.boxxman.fr\/en\/#website","url":"https:\/\/www.boxxman.fr\/en\/","name":"Boxxman Paris","description":"N\u00b01 SEXSHOP GAY &amp; CRUISING","publisher":{"@id":"https:\/\/www.boxxman.fr\/en\/#organization"},"potentialAction":[{"@type":"SearchAction","target":{"@type":"EntryPoint","urlTemplate":"https:\/\/www.boxxman.fr\/en\/?s={search_term_string}"},"query-input":{"@type":"PropertyValueSpecification","valueRequired":true,"valueName":"search_term_string"}}],"inLanguage":"fr-FR"},{"@type":"Organization","@id":"https:\/\/www.boxxman.fr\/en\/#organization","name":"Boxxman Paris","url":"https:\/\/www.boxxman.fr\/en\/","logo":{"@type":"ImageObject","inLanguage":"fr-FR","@id":"https:\/\/www.boxxman.fr\/en\/#\/schema\/logo\/image\/","url":"https:\/\/www.boxxman.fr\/en\/wp-content\/uploads\/sites\/6\/2024\/07\/cropped-boxxman-3.png","contentUrl":"https:\/\/www.boxxman.fr\/en\/wp-content\/uploads\/sites\/6\/2024\/07\/cropped-boxxman-3.png","width":512,"height":512,"caption":"Boxxman Paris"},"image":{"@id":"https:\/\/www.boxxman.fr\/en\/#\/schema\/logo\/image\/"},"sameAs":["https:\/\/www.facebook.com\/Boxxman.leBoxx\/","https:\/\/x.com\/BoxxmanParis","https:\/\/www.instagram.com\/boxxman_officiel\/"]}]}},"_links":{"self":[{"href":"https:\/\/www.boxxman.fr\/en\/wp-json\/wp\/v2\/pages\/1184","targetHints":{"allow":["GET"]}}],"collection":[{"href":"https:\/\/www.boxxman.fr\/en\/wp-json\/wp\/v2\/pages"}],"about":[{"href":"https:\/\/www.boxxman.fr\/en\/wp-json\/wp\/v2\/types\/page"}],"author":[{"embeddable":true,"href":"https:\/\/www.boxxman.fr\/en\/wp-json\/wp\/v2\/users\/2"}],"replies":[{"embeddable":true,"href":"https:\/\/www.boxxman.fr\/en\/wp-json\/wp\/v2\/comments?post=1184"}],"version-history":[{"count":43,"href":"https:\/\/www.boxxman.fr\/en\/wp-json\/wp\/v2\/pages\/1184\/revisions"}],"predecessor-version":[{"id":3912,"href":"https:\/\/www.boxxman.fr\/en\/wp-json\/wp\/v2\/pages\/1184\/revisions\/3912"}],"wp:attachment":[{"href":"https:\/\/www.boxxman.fr\/en\/wp-json\/wp\/v2\/media?parent=1184"}],"curies":[{"name":"wp","href":"https:\/\/api.w.org\/{rel}","templated":true}]}}