{"id":2060,"date":"2020-01-26T13:10:07","date_gmt":"2020-01-26T13:10:07","guid":{"rendered":"http:\/\/www.boxxman.fr\/en\/?page_id=2060"},"modified":"2021-03-16T10:52:06","modified_gmt":"2021-03-16T10:52:06","slug":"prevention","status":"publish","type":"page","link":"https:\/\/www.boxxman.fr\/en\/prevention\/","title":{"rendered":"Prevention"},"content":{"rendered":"\n<h2 class=\"wp-block-heading\"><strong>S&rsquo;INFORMER, SE PROTEGER<\/strong><\/h2>\n\n\n\n<div style=\"height:30px\" aria-hidden=\"true\" class=\"wp-block-spacer\"><\/div>\n\n\n\n<h3 class=\"wp-block-heading\"><strong>Boxxman est engag\u00e9 dans la lutte contre le VIH et les IST<\/strong><\/h3>\n\n\n\n<p>Dans l\u2019<a href=\"https:\/\/www.boxxman.fr\/en\/cruising-gay-paris\/\">espace cruising<\/a> de Boxxman, vous trouverez la documentation n\u00e9cessaire pour vous informer sur les risques li\u00e9s aux pratiques sexuelles, sur la sant\u00e9 sexuelle, sur le VIH\/sida et les Infections Sexuellement Transmissibles (IST).<\/p>\n\n\n\n<br><p style=\"text-align: justify;\">Vous trouverez aussi des pr\u00e9servatifs et du gel en libre-service, que nous vous invitons \u00e0 utiliser sans r\u00e9serve pour vous prot\u00e9ger et prot\u00e9ger vos partenaires.<\/p>\n<p style=\"text-align: justify;\">Ceci \u00e9tant, depuis plusieurs ann\u00e9es, le pr\u00e9servatif n\u2019est plus le seul outil disponible en mati\u00e8re de pr\u00e9vention contre le VIH. Les personnes s\u00e9ron\u00e9gatives peuvent utiliser le traitement pr\u00e9ventif (la PrEP) pour se prot\u00e9ger. Les personnes vivant avec le VIH ont maintenant recours \u00e0 des th\u00e9rapies tr\u00e8s efficaces et ne peuvent pas, de fait, contaminer leurs partenaires (c\u2019est le TasP (traduction&nbsp;: le traitement comme outil pr\u00e9ventif)). Ces deux nouveaux moyens de pr\u00e9vention expliquent que certains ont d\u00e9cid\u00e9 de ne plus utiliser le pr\u00e9servatif. Chacun choisit effectivement le ou les moyen(s) de pr\u00e9vention qui lui convien(nent) le mieux.<\/p>\n<p style=\"text-align: justify;\">Mais si la PrEP et le TasP prot\u00e8gent tr\u00e8s efficacement du VIH, ces moyens de pr\u00e9vention ne prot\u00e8gent pas des IST. L\u2019usage du pr\u00e9servatif permet de r\u00e9duire le risque de contracter une IST, mais pas de l\u2019\u00e9liminer totalement. Aussi, que vous utilisiez ou non le pr\u00e9servatif, r\u00e9guli\u00e8rement ou occasionnellement, Boxxman vous invite \u00e0 pratiquer des d\u00e9pistages tr\u00e8s r\u00e9guliers du VIH et des IST, et bien s\u00fbr au moindre doute.<\/p>\n<p style=\"text-align: justify;\">En mati\u00e8re de VIH, un d\u00e9pistage pr\u00e9coce permet de b\u00e9n\u00e9ficier d\u2019un traitement adapt\u00e9, d\u2019autant plus efficaces qu\u2019il est administr\u00e9 en d\u00e9but d\u2019infection. Les traitements actuels ne provoquent pas ou tr\u00e8s peu d\u2019effets secondaires. L\u2019esp\u00e9rance de vie des personnes vivant avec le VIH est identique de celle de la population g\u00e9n\u00e9rale. N\u2019h\u00e9sitez donc plus \u00e0 vous faire d\u00e9pister.<\/p>\n<p style=\"text-align: justify;\">Vous pouvez b\u00e9n\u00e9ficier d\u2019un d\u00e9pistage du VIH dans un laboratoire, dans un centre de sant\u00e9 ou un Cegidd, dans une association, en achetant un autotest chez un pharmacien ou en le r\u00e9cup\u00e9rant gratuitement dans une association de lutte contre le VIH.<\/p>\n\n\n\n<div style=\"height:30px\" aria-hidden=\"true\" class=\"wp-block-spacer\"><\/div>\n\n\n\n<h3 class=\"wp-block-heading\"><strong>ASSOCIATIONS DE LUTTE CONTRE LE VIH\/SIDA<\/strong><\/h3>\n\n\n\n<div style=\"height:30px\" aria-hidden=\"true\" class=\"wp-block-spacer\"><\/div>\n\n\n\n<p><strong>SIDA INFO SERVICE<\/strong><br>Pour toute information, Sida Info Service propose une ligne d\u2019\u00e9coute pour poser vos questions : 0800 840 800<br> Vous pouvez aussi consulter le site web : <a href=\"http:\/\/www.sida-info-service.org\">www.sida-info-service.org<\/a><\/p>\n\n\n\n<p>Si vous apprenez votre s\u00e9ropositivit\u00e9 ou si vous vivez avec le VIH, l\u2019association Actions-Traitements peut vous renseigner et vous aider&nbsp;: 01 43 67 00 00 (vous pouvez \u00eatre rappel\u00e9).<\/p>\n\n\n\n<div style=\"height:30px\" aria-hidden=\"true\" class=\"wp-block-spacer\"><\/div>\n\n\n\n<p><strong>ACTIONS TRAITEMENTS<\/strong><br>Vous pouvez aussi consulter le site web&nbsp;: <a href=\"https:\/\/www.actions-traitements.org\">https:\/\/www.actions-traitements.org<\/a><\/p>\n\n\n\n<div style=\"height:30px\" aria-hidden=\"true\" class=\"wp-block-spacer\"><\/div>\n\n\n\n<p><strong>CONSENTEMENT<\/strong><\/p>\n\n\n\n<p>Restez \u00e0 l\u2019\u00e9coute de l\u2019autre et de vous-m\u00eame en toutes situations.<\/p>\n","protected":false},"excerpt":{"rendered":"<p>S&rsquo;INFORMER, SE PROTEGER Boxxman est engag\u00e9 dans la lutte contre le VIH et les IST Dans l\u2019espace cruising de Boxxman, vous trouverez la documentation n\u00e9cessaire pour vous informer sur les risques li\u00e9s aux pratiques sexuelles, sur la sant\u00e9 sexuelle, sur le VIH\/sida et les Infections Sexuellement Transmissibles (IST). Vous trouverez&#8230;<\/p>\n","protected":false},"author":1,"featured_media":0,"parent":0,"menu_order":0,"comment_status":"closed","ping_status":"open","template":"templates\/full-width-page.php","meta":{"inline_featured_image":false,"footnotes":""},"class_list":["post-2060","page","type-page","status-publish","hentry"],"yoast_head":"<!-- This site is optimized with the Yoast SEO plugin v27.2 - https:\/\/yoast.com\/product\/yoast-seo-wordpress\/ -->\n<title>Pr\u00e9vention HIV et IST, toutes les informations utiles | Boxxman Paris<\/title>\n<meta name=\"description\" content=\"Pr\u00e9vention HIV et IST, Boxxman gay cruising et sexshop \u00e0 Paris les Halles. Etablissement gay Boxxman, cruising et sexshop \u00e0 Paris les Halles vous informe.\" \/>\n<meta name=\"robots\" content=\"index, follow, max-snippet:-1, max-image-preview:large, max-video-preview:-1\" \/>\n<link rel=\"canonical\" href=\"https:\/\/www.boxxman.fr\/en\/prevention\/\" \/>\n<meta property=\"og:locale\" content=\"fr_FR\" \/>\n<meta property=\"og:type\" content=\"article\" \/>\n<meta property=\"og:title\" content=\"Pr\u00e9vention HIV et IST, toutes les informations utiles | Boxxman Paris\" \/>\n<meta property=\"og:description\" content=\"Pr\u00e9vention HIV et IST, Boxxman gay cruising et sexshop \u00e0 Paris les Halles. Etablissement gay Boxxman, cruising et sexshop \u00e0 Paris les Halles vous informe.\" \/>\n<meta property=\"og:url\" content=\"https:\/\/www.boxxman.fr\/en\/prevention\/\" \/>\n<meta property=\"og:site_name\" content=\"Boxxman Paris\" \/>\n<meta property=\"article:publisher\" content=\"https:\/\/www.facebook.com\/Boxxman.leBoxx\/\" \/>\n<meta property=\"article:modified_time\" content=\"2021-03-16T10:52:06+00:00\" \/>\n<meta name=\"twitter:card\" content=\"summary_large_image\" \/>\n<meta name=\"twitter:site\" content=\"@BoxxmanParis\" \/>\n<meta name=\"twitter:label1\" content=\"Dur\u00e9e de lecture estim\u00e9e\" \/>\n\t<meta name=\"twitter:data1\" content=\"2 minutes\" \/>\n<script type=\"application\/ld+json\" class=\"yoast-schema-graph\">{\"@context\":\"https:\/\/schema.org\",\"@graph\":[{\"@type\":\"WebPage\",\"@id\":\"https:\/\/www.boxxman.fr\/en\/prevention\/\",\"url\":\"https:\/\/www.boxxman.fr\/en\/prevention\/\",\"name\":\"Pr\u00e9vention HIV et IST, toutes les informations utiles | Boxxman Paris\",\"isPartOf\":{\"@id\":\"https:\/\/www.boxxman.fr\/en\/#website\"},\"datePublished\":\"2020-01-26T13:10:07+00:00\",\"dateModified\":\"2021-03-16T10:52:06+00:00\",\"description\":\"Pr\u00e9vention HIV et IST, Boxxman gay cruising et sexshop \u00e0 Paris les Halles. Etablissement gay Boxxman, cruising et sexshop \u00e0 Paris les Halles vous informe.\",\"breadcrumb\":{\"@id\":\"https:\/\/www.boxxman.fr\/en\/prevention\/#breadcrumb\"},\"inLanguage\":\"fr-FR\",\"potentialAction\":[{\"@type\":\"ReadAction\",\"target\":[\"https:\/\/www.boxxman.fr\/en\/prevention\/\"]}]},{\"@type\":\"BreadcrumbList\",\"@id\":\"https:\/\/www.boxxman.fr\/en\/prevention\/#breadcrumb\",\"itemListElement\":[{\"@type\":\"ListItem\",\"position\":1,\"name\":\"Accueil\",\"item\":\"https:\/\/www.boxxman.fr\/en\/\"},{\"@type\":\"ListItem\",\"position\":2,\"name\":\"Prevention\"}]},{\"@type\":\"WebSite\",\"@id\":\"https:\/\/www.boxxman.fr\/en\/#website\",\"url\":\"https:\/\/www.boxxman.fr\/en\/\",\"name\":\"Boxxman Paris\",\"description\":\"N\u00b01 SEXSHOP GAY &amp; CRUISING\",\"publisher\":{\"@id\":\"https:\/\/www.boxxman.fr\/en\/#organization\"},\"potentialAction\":[{\"@type\":\"SearchAction\",\"target\":{\"@type\":\"EntryPoint\",\"urlTemplate\":\"https:\/\/www.boxxman.fr\/en\/?s={search_term_string}\"},\"query-input\":{\"@type\":\"PropertyValueSpecification\",\"valueRequired\":true,\"valueName\":\"search_term_string\"}}],\"inLanguage\":\"fr-FR\"},{\"@type\":\"Organization\",\"@id\":\"https:\/\/www.boxxman.fr\/en\/#organization\",\"name\":\"Boxxman Paris\",\"url\":\"https:\/\/www.boxxman.fr\/en\/\",\"logo\":{\"@type\":\"ImageObject\",\"inLanguage\":\"fr-FR\",\"@id\":\"https:\/\/www.boxxman.fr\/en\/#\/schema\/logo\/image\/\",\"url\":\"https:\/\/www.boxxman.fr\/en\/wp-content\/uploads\/sites\/6\/2024\/07\/cropped-boxxman-3.png\",\"contentUrl\":\"https:\/\/www.boxxman.fr\/en\/wp-content\/uploads\/sites\/6\/2024\/07\/cropped-boxxman-3.png\",\"width\":512,\"height\":512,\"caption\":\"Boxxman Paris\"},\"image\":{\"@id\":\"https:\/\/www.boxxman.fr\/en\/#\/schema\/logo\/image\/\"},\"sameAs\":[\"https:\/\/www.facebook.com\/Boxxman.leBoxx\/\",\"https:\/\/x.com\/BoxxmanParis\",\"https:\/\/www.instagram.com\/boxxman_officiel\/\"]}]}<\/script>\n<!-- \/ Yoast SEO plugin. -->","yoast_head_json":{"title":"Pr\u00e9vention HIV et IST, toutes les informations utiles | Boxxman Paris","description":"Pr\u00e9vention HIV et IST, Boxxman gay cruising et sexshop \u00e0 Paris les Halles. Etablissement gay Boxxman, cruising et sexshop \u00e0 Paris les Halles vous informe.","robots":{"index":"index","follow":"follow","max-snippet":"max-snippet:-1","max-image-preview":"max-image-preview:large","max-video-preview":"max-video-preview:-1"},"canonical":"https:\/\/www.boxxman.fr\/en\/prevention\/","og_locale":"fr_FR","og_type":"article","og_title":"Pr\u00e9vention HIV et IST, toutes les informations utiles | Boxxman Paris","og_description":"Pr\u00e9vention HIV et IST, Boxxman gay cruising et sexshop \u00e0 Paris les Halles. Etablissement gay Boxxman, cruising et sexshop \u00e0 Paris les Halles vous informe.","og_url":"https:\/\/www.boxxman.fr\/en\/prevention\/","og_site_name":"Boxxman Paris","article_publisher":"https:\/\/www.facebook.com\/Boxxman.leBoxx\/","article_modified_time":"2021-03-16T10:52:06+00:00","twitter_card":"summary_large_image","twitter_site":"@BoxxmanParis","twitter_misc":{"Dur\u00e9e de lecture estim\u00e9e":"2 minutes"},"schema":{"@context":"https:\/\/schema.org","@graph":[{"@type":"WebPage","@id":"https:\/\/www.boxxman.fr\/en\/prevention\/","url":"https:\/\/www.boxxman.fr\/en\/prevention\/","name":"Pr\u00e9vention HIV et IST, toutes les informations utiles | Boxxman Paris","isPartOf":{"@id":"https:\/\/www.boxxman.fr\/en\/#website"},"datePublished":"2020-01-26T13:10:07+00:00","dateModified":"2021-03-16T10:52:06+00:00","description":"Pr\u00e9vention HIV et IST, Boxxman gay cruising et sexshop \u00e0 Paris les Halles. Etablissement gay Boxxman, cruising et sexshop \u00e0 Paris les Halles vous informe.","breadcrumb":{"@id":"https:\/\/www.boxxman.fr\/en\/prevention\/#breadcrumb"},"inLanguage":"fr-FR","potentialAction":[{"@type":"ReadAction","target":["https:\/\/www.boxxman.fr\/en\/prevention\/"]}]},{"@type":"BreadcrumbList","@id":"https:\/\/www.boxxman.fr\/en\/prevention\/#breadcrumb","itemListElement":[{"@type":"ListItem","position":1,"name":"Accueil","item":"https:\/\/www.boxxman.fr\/en\/"},{"@type":"ListItem","position":2,"name":"Prevention"}]},{"@type":"WebSite","@id":"https:\/\/www.boxxman.fr\/en\/#website","url":"https:\/\/www.boxxman.fr\/en\/","name":"Boxxman Paris","description":"N\u00b01 SEXSHOP GAY &amp; CRUISING","publisher":{"@id":"https:\/\/www.boxxman.fr\/en\/#organization"},"potentialAction":[{"@type":"SearchAction","target":{"@type":"EntryPoint","urlTemplate":"https:\/\/www.boxxman.fr\/en\/?s={search_term_string}"},"query-input":{"@type":"PropertyValueSpecification","valueRequired":true,"valueName":"search_term_string"}}],"inLanguage":"fr-FR"},{"@type":"Organization","@id":"https:\/\/www.boxxman.fr\/en\/#organization","name":"Boxxman Paris","url":"https:\/\/www.boxxman.fr\/en\/","logo":{"@type":"ImageObject","inLanguage":"fr-FR","@id":"https:\/\/www.boxxman.fr\/en\/#\/schema\/logo\/image\/","url":"https:\/\/www.boxxman.fr\/en\/wp-content\/uploads\/sites\/6\/2024\/07\/cropped-boxxman-3.png","contentUrl":"https:\/\/www.boxxman.fr\/en\/wp-content\/uploads\/sites\/6\/2024\/07\/cropped-boxxman-3.png","width":512,"height":512,"caption":"Boxxman Paris"},"image":{"@id":"https:\/\/www.boxxman.fr\/en\/#\/schema\/logo\/image\/"},"sameAs":["https:\/\/www.facebook.com\/Boxxman.leBoxx\/","https:\/\/x.com\/BoxxmanParis","https:\/\/www.instagram.com\/boxxman_officiel\/"]}]}},"_links":{"self":[{"href":"https:\/\/www.boxxman.fr\/en\/wp-json\/wp\/v2\/pages\/2060","targetHints":{"allow":["GET"]}}],"collection":[{"href":"https:\/\/www.boxxman.fr\/en\/wp-json\/wp\/v2\/pages"}],"about":[{"href":"https:\/\/www.boxxman.fr\/en\/wp-json\/wp\/v2\/types\/page"}],"author":[{"embeddable":true,"href":"https:\/\/www.boxxman.fr\/en\/wp-json\/wp\/v2\/users\/1"}],"replies":[{"embeddable":true,"href":"https:\/\/www.boxxman.fr\/en\/wp-json\/wp\/v2\/comments?post=2060"}],"version-history":[{"count":22,"href":"https:\/\/www.boxxman.fr\/en\/wp-json\/wp\/v2\/pages\/2060\/revisions"}],"predecessor-version":[{"id":2581,"href":"https:\/\/www.boxxman.fr\/en\/wp-json\/wp\/v2\/pages\/2060\/revisions\/2581"}],"wp:attachment":[{"href":"https:\/\/www.boxxman.fr\/en\/wp-json\/wp\/v2\/media?parent=2060"}],"curies":[{"name":"wp","href":"https:\/\/api.w.org\/{rel}","templated":true}]}}